{"id":6888,"date":"2026-04-09T07:24:07","date_gmt":"2026-04-09T05:24:07","guid":{"rendered":"https:\/\/jegrendeles.hu\/termek\/spajz-mango-syrup-0-5-l\/"},"modified":"2026-04-09T07:24:07","modified_gmt":"2026-04-09T05:24:07","slug":"spajz-mango-syrup-0-5-l","status":"publish","type":"product","link":"https:\/\/jegrendeles.hu\/en\/product\/spajz-mango-syrup-0-5-l\/","title":{"rendered":"SP\u00c1JZ Mango Syrup 0.5 l"},"content":{"rendered":"<p>Sp\u00e1jz Mango Syrup, with its citrus notes and delicately sweet flavor, offers an authentic tropical taste experience. We recommend using it with cool soda water, or for making exotic lemonades and cocktails; it is an excellent companion to desserts. A tropical experience in every sip &#8211; immerse yourself in the sweet taste of sun-ripened mangoes! <\/p>\n<p>&nbsp;<\/p>\n<div id=\"tab_description_content\" class=\"page_artdet_tab_content\" style=\"display: block;\">\n<table style=\"height: 114px; width: 400px; border-color: #969696; margin-left: auto; margin-right: auto;\" border=\"1px\" width=\"400\">\n<tbody>\n<tr style=\"height: 37px;\">\n<td style=\"height: 37px; width: 354px; background-color: #969696; text-align: center;\" colspan=\"2\"><span style=\"font-size: 14px; color: #ffffff;\"><strong>Average nutritional value per 100 ml<\/strong><\/span> <span style=\"font-size: 14px; color: #ffffff;\"><strong>(1 dl) of product<\/strong><\/span><\/td>\n<\/tr>\n<tr style=\"height: 11px;\">\n<td style=\"height: 11px; width: 215.547px;\"><strong>Energy<\/strong><\/td>\n<td style=\"text-align: right; height: 11px; width: 132.453px;\">854 kJ\/201 kcal<\/td>\n<\/tr>\n<tr style=\"height: 10px;\">\n<td style=\"height: 10px; width: 215.547px;\"><strong>Fat<\/strong><\/td>\n<td style=\"text-align: right; height: 10px; width: 132.453px;\">0 g<\/td>\n<\/tr>\n<tr style=\"height: 10px;\">\n<td style=\"height: 10px; width: 215.547px;\"><em>&#8211; of which saturates<\/em><\/td>\n<td style=\"text-align: right; height: 10px; width: 132.453px;\">0 g<\/td>\n<\/tr>\n<tr style=\"height: 16px;\">\n<td style=\"height: 16px; width: 215.547px;\"><strong>Carbohydrate<\/strong><\/td>\n<td style=\"text-align: right; height: 16px; width: 132.453px;\">49 g<\/td>\n<\/tr>\n<tr style=\"height: 10px;\">\n<td style=\"height: 10px; width: 215.547px;\">&#8211; of which sugars<\/td>\n<td style=\"text-align: right; height: 10px; width: 132.453px;\">48 g<\/td>\n<\/tr>\n<tr style=\"height: 10px;\">\n<td style=\"height: 10px; width: 215.547px;\"><strong>Protein<\/strong><\/td>\n<td style=\"text-align: right; height: 10px; width: 132.453px;\">0,7 g<\/td>\n<\/tr>\n<tr style=\"height: 10px;\">\n<td style=\"height: 10px; width: 215.547px;\"><strong>Salt<\/strong><\/td>\n<td style=\"text-align: right; height: 10px; width: 132.453px;\">0 g<\/td>\n<\/tr>\n<\/tbody>\n<\/table>\n<p>&nbsp;<\/p>\n<\/div>\n","protected":false},"excerpt":{"rendered":"<p>A Sp\u00e1jz Mang\u00f3sz\u00f6rp citrusos jegyekkel, finoman \u00e9desk\u00e9s zamat\u00e1val hamis\u00edtatlan tr\u00f3pusi \u00edz\u00e9lm\u00e9nyt k\u00edn\u00e1l. Felhaszn\u00e1l\u00e1sa h\u0171s sz\u00f3dav\u00edzzel, egzotikus limon\u00e1d\u00e9k, kokt\u00e9lok k\u00e9sz\u00edt\u00e9s\u00e9hez aj\u00e1nlott, desszertek kiv\u00e1l\u00f3 t\u00e1rsa.Tr\u00f3pusi \u00e9lm\u00e9ny minden kortyban &#8211; mer\u00fclj el a nap\u00e9rlelte mang\u00f3 \u00e9des zamat\u00e1ban! <\/p>\n<p><strong>Made from 100% natural ingredients, free from flavor enhancers, aromas, colorings, concentrates, and preservatives. Vegan and gluten-free. <\/strong><\/p>\n<p>Ingredients: 50% mango, sugar, drinking water, 5% lemon.<\/p>\n<p><strong>Fruit content:<\/strong> 55%<\/p>\n<p><strong>Storage:<\/strong> In a dry, cool place, protected from sunlight. Shake well before consumption, store refrigerated after opening, and consume within 14 days!<\/p>\n<p><em>Contains no allergens!<\/em><\/p>\n","protected":false},"featured_media":6865,"template":"","meta":[],"product_brand":[],"product_cat":[195],"product_tag":[],"class_list":{"0":"post-6888","1":"product","2":"type-product","3":"status-publish","4":"has-post-thumbnail","6":"product_cat-syrup","7":"pa_egyseg-uveg","9":"first","10":"instock","11":"taxable","12":"shipping-taxable","13":"purchasable","14":"product-type-simple"},"_links":{"self":[{"href":"https:\/\/jegrendeles.hu\/en\/wp-json\/wp\/v2\/product\/6888","targetHints":{"allow":["GET"]}}],"collection":[{"href":"https:\/\/jegrendeles.hu\/en\/wp-json\/wp\/v2\/product"}],"about":[{"href":"https:\/\/jegrendeles.hu\/en\/wp-json\/wp\/v2\/types\/product"}],"wp:featuredmedia":[{"embeddable":true,"href":"https:\/\/jegrendeles.hu\/en\/wp-json\/wp\/v2\/media\/6865"}],"wp:attachment":[{"href":"https:\/\/jegrendeles.hu\/en\/wp-json\/wp\/v2\/media?parent=6888"}],"wp:term":[{"taxonomy":"product_brand","embeddable":true,"href":"https:\/\/jegrendeles.hu\/en\/wp-json\/wp\/v2\/product_brand?post=6888"},{"taxonomy":"product_cat","embeddable":true,"href":"https:\/\/jegrendeles.hu\/en\/wp-json\/wp\/v2\/product_cat?post=6888"},{"taxonomy":"product_tag","embeddable":true,"href":"https:\/\/jegrendeles.hu\/en\/wp-json\/wp\/v2\/product_tag?post=6888"}],"curies":[{"name":"wp","href":"https:\/\/api.w.org\/{rel}","templated":true}]}}