{"id":6522,"date":"2026-02-08T10:44:11","date_gmt":"2026-02-08T09:44:11","guid":{"rendered":"https:\/\/jegrendeles.hu\/ice-sculpture-designer\/"},"modified":"2026-02-12T01:12:43","modified_gmt":"2026-02-12T00:12:43","slug":"ice-sculpture-designer","status":"publish","type":"page","link":"https:\/\/jegrendeles.hu\/en\/ice-sculpting\/ice-sculpture-designer\/","title":{"rendered":"Ice Sculpture Designer"},"content":{"rendered":"\t\t<div data-elementor-type=\"wp-page\" data-elementor-id=\"6522\" class=\"elementor elementor-6522 elementor-6499\" data-elementor-post-type=\"page\">\n\t\t\t\t<div class=\"elementor-element elementor-element-7dab6b4 e-con-full e-flex e-con e-parent\" data-id=\"7dab6b4\" data-element_type=\"container\">\n\t\t\t\t<div class=\"elementor-element elementor-element-e7d3e1f elementor-widget elementor-widget-html\" data-id=\"e7d3e1f\" data-element_type=\"widget\" data-widget_type=\"html.default\">\n\t\t\t\t\t<!-- 1. A m\u00e9retez\u0151 script bet\u00f6lt\u00e9se -->\n<script src=\"https:\/\/cdnjs.cloudflare.com\/ajax\/libs\/iframe-resizer\/4.3.2\/iframeResizer.min.js\"><\/script>\n\n<!-- 2. A st\u00edlusok, hogy sz\u00e9p legyen -->\n<style>\n  iframe#myIframe {\n    width: 1px;\n    min-width: 100%;\n    border: none;\n    display: block; \/* Fontos, hogy ne legyen sork\u00f6z *\/\n  }\n<\/style>\n\n<!-- 3. Maga az Iframe (kikapcsolt g\u00f6rget\u00e9ssel) -->\n<iframe id=\"myIframe\" src=\"https:\/\/tervezo.jegrendeles.hu\/?lang=en\" scrolling=\"no\"><\/iframe>\n\n<!-- 4. A script aktiv\u00e1l\u00e1sa -->\n<script>\n  \/\/ Ez a parancs k\u00f6ti \u00f6ssze a kinti \u00e9s benti vil\u00e1got\n  \/\/ A 'log: false' kikapcsolja a konzol \u00fczeneteket\n  \/\/ A 'checkOrigin: false' engedi a kommunik\u00e1ci\u00f3t\n  iFrameResize({ log: false, checkOrigin: false }, '#myIframe')\n<\/script>\n\t\t\t\t<\/div>\n\t\t\t\t<\/div>\n\t\t\t\t<\/div>\n\t\t","protected":false},"excerpt":{"rendered":"","protected":false},"author":1,"featured_media":0,"parent":4693,"menu_order":0,"comment_status":"closed","ping_status":"closed","template":"","meta":{"footnotes":""},"class_list":["post-6522","page","type-page","status-publish","hentry"],"_links":{"self":[{"href":"https:\/\/jegrendeles.hu\/en\/wp-json\/wp\/v2\/pages\/6522","targetHints":{"allow":["GET"]}}],"collection":[{"href":"https:\/\/jegrendeles.hu\/en\/wp-json\/wp\/v2\/pages"}],"about":[{"href":"https:\/\/jegrendeles.hu\/en\/wp-json\/wp\/v2\/types\/page"}],"author":[{"embeddable":true,"href":"https:\/\/jegrendeles.hu\/en\/wp-json\/wp\/v2\/users\/1"}],"replies":[{"embeddable":true,"href":"https:\/\/jegrendeles.hu\/en\/wp-json\/wp\/v2\/comments?post=6522"}],"version-history":[{"count":11,"href":"https:\/\/jegrendeles.hu\/en\/wp-json\/wp\/v2\/pages\/6522\/revisions"}],"predecessor-version":[{"id":6735,"href":"https:\/\/jegrendeles.hu\/en\/wp-json\/wp\/v2\/pages\/6522\/revisions\/6735"}],"up":[{"embeddable":true,"href":"https:\/\/jegrendeles.hu\/en\/wp-json\/wp\/v2\/pages\/4693"}],"wp:attachment":[{"href":"https:\/\/jegrendeles.hu\/en\/wp-json\/wp\/v2\/media?parent=6522"}],"curies":[{"name":"wp","href":"https:\/\/api.w.org\/{rel}","templated":true}]}}